{"id":2,"date":"2025-11-13T14:47:43","date_gmt":"2025-11-13T14:47:43","guid":{"rendered":"https:\/\/lichtlform.hu\/?page_id=2"},"modified":"2025-11-13T18:18:27","modified_gmt":"2025-11-13T18:18:27","slug":"sample-page","status":"publish","type":"page","link":"https:\/\/lichtlform.hu\/index.php\/sample-page\/","title":{"rendered":"Bemutatkoz\u00e1s"},"content":{"rendered":"\n<p>A <strong>LICHTL-FORM Szersz\u00e1m- \u00e9s Formagy\u00e1rt\u00f3 Korl\u00e1tolt Felel\u0151ss\u00e9g\u0171 T\u00e1rsas\u00e1g (LICHTL-FORM Kft.)<\/strong><\/p>\n\n\n\n<p><\/p>\n\n\n\n<p><\/p>\n\n\n\n<ul class=\"wp-block-list\">\n<li><strong>Teljes n\u00e9v:<\/strong> LICHTL-FORM Szersz\u00e1m- \u00e9s Formagy\u00e1rt\u00f3 Korl\u00e1tolt Felel\u0151ss\u00e9g\u0171 T\u00e1rsas\u00e1g<\/li>\n\n\n\n<li><strong>R\u00f6vid n\u00e9v:<\/strong> LICHTL-FORM Kft.<\/li>\n\n\n\n<li><strong>Sz\u00e9khely:<\/strong> 7090 Tam\u00e1si, 011\/86. hrsz. (Egy m\u00e1sik c\u00edm is szerepel: Ny\u00edrfa sor 9.)<\/li>\n\n\n\n<li><strong>Alap\u00edt\u00e1s d\u00e1tuma:<\/strong> 1999. okt\u00f3ber 28.<\/li>\n\n\n\n<li><strong>F\u0151 tev\u00e9kenys\u00e9g:<\/strong> <strong>F\u00e9mmegmunk\u00e1l\u00e1s<\/strong> (TE\u00c1OR 25.62 vagy 2553)<\/li>\n\n\n\n<li><strong>Tov\u00e1bbi tev\u00e9kenys\u00e9gek (kor\u00e1bbi\/egy\u00e9b):<\/strong> Szersz\u00e1mgy\u00e1rt\u00e1s, -k\u00e9sz\u00edt\u00e9s, m\u0171anyag f\u00f3lia, cs\u0151 gy\u00e1rt\u00e1sa, f\u00e9mszerkezet gy\u00e1rt\u00e1sa, egy\u00e9b gumiterm\u00e9k gy\u00e1rt\u00e1sa, speci\u00e1lis g\u00e9p gy\u00e1rt\u00e1sa, csomagol\u00e1s, vas\u00e1ru-nagykereskedelem, egy\u00e9b nagykereskedelem.<\/li>\n<\/ul>\n","protected":false},"excerpt":{"rendered":"<p>A LICHTL-FORM Szersz\u00e1m- \u00e9s Formagy\u00e1rt\u00f3 Korl\u00e1tolt Felel\u0151ss\u00e9g\u0171 T\u00e1rsas\u00e1g (LICHTL-FORM Kft.)<\/p>\n","protected":false},"author":1,"featured_media":0,"parent":0,"menu_order":0,"comment_status":"closed","ping_status":"open","template":"","meta":{"footnotes":""},"class_list":["post-2","page","type-page","status-publish","hentry"],"_links":{"self":[{"href":"https:\/\/lichtlform.hu\/index.php\/wp-json\/wp\/v2\/pages\/2","targetHints":{"allow":["GET"]}}],"collection":[{"href":"https:\/\/lichtlform.hu\/index.php\/wp-json\/wp\/v2\/pages"}],"about":[{"href":"https:\/\/lichtlform.hu\/index.php\/wp-json\/wp\/v2\/types\/page"}],"author":[{"embeddable":true,"href":"https:\/\/lichtlform.hu\/index.php\/wp-json\/wp\/v2\/users\/1"}],"replies":[{"embeddable":true,"href":"https:\/\/lichtlform.hu\/index.php\/wp-json\/wp\/v2\/comments?post=2"}],"version-history":[{"count":2,"href":"https:\/\/lichtlform.hu\/index.php\/wp-json\/wp\/v2\/pages\/2\/revisions"}],"predecessor-version":[{"id":33,"href":"https:\/\/lichtlform.hu\/index.php\/wp-json\/wp\/v2\/pages\/2\/revisions\/33"}],"wp:attachment":[{"href":"https:\/\/lichtlform.hu\/index.php\/wp-json\/wp\/v2\/media?parent=2"}],"curies":[{"name":"wp","href":"https:\/\/api.w.org\/{rel}","templated":true}]}}